{"id":6511,"date":"2023-05-18T16:54:06","date_gmt":"2023-05-18T14:54:06","guid":{"rendered":"https:\/\/www.skinflow.de\/make-an-appointment\/"},"modified":"2025-12-18T14:58:54","modified_gmt":"2025-12-18T13:58:54","slug":"make-an-appointment","status":"publish","type":"page","link":"https:\/\/www.skinflow.de\/en\/make-an-appointment\/","title":{"rendered":"Make an appointment"},"content":{"rendered":"\t\t<div data-elementor-type=\"wp-page\" data-elementor-id=\"6511\" class=\"elementor elementor-6511 elementor-680\" data-elementor-post-type=\"page\">\n\t\t\t\t<div class=\"elementor-element elementor-element-221a539 e-con-full e-flex e-con e-parent\" data-id=\"221a539\" data-element_type=\"container\" data-settings=\"{&quot;background_background&quot;:&quot;classic&quot;}\">\n\t\t\t\t<div class=\"elementor-element elementor-element-d205ac9 elementor-widget elementor-widget-heading\" data-id=\"d205ac9\" data-element_type=\"widget\" data-widget_type=\"heading.default\">\n\t\t\t\t<div class=\"elementor-widget-container\">\n\t\t\t\t\t<div class=\"elementor-heading-title elementor-size-default\">What are you waiting for?  <\/div>\t\t\t\t<\/div>\n\t\t\t\t<\/div>\n\t\t\t\t<div class=\"elementor-element elementor-element-893b3cf elementor-widget elementor-widget-heading\" data-id=\"893b3cf\" data-element_type=\"widget\" data-widget_type=\"heading.default\">\n\t\t\t\t<div class=\"elementor-widget-container\">\n\t\t\t\t\t<div class=\"elementor-heading-title elementor-size-default\"><span style=\"color:#945d45\">Successful treatment<\/span> starts with good <span style=\"color:#945d45\">advice<\/span>!  <\/div>\t\t\t\t<\/div>\n\t\t\t\t<\/div>\n\t\t<div class=\"elementor-element elementor-element-40d09eb e-flex e-con-boxed e-con e-child\" data-id=\"40d09eb\" data-element_type=\"container\" data-settings=\"{&quot;background_background&quot;:&quot;classic&quot;}\">\n\t\t\t\t\t<div class=\"e-con-inner\">\n\t\t\t\t<div class=\"elementor-element elementor-element-5fab444 elementor-widget__width-initial elementor-button-align-stretch elementor-widget elementor-widget-form\" data-id=\"5fab444\" data-element_type=\"widget\" data-settings=\"{&quot;step_next_label&quot;:&quot;N\\u00e4chster&quot;,&quot;step_previous_label&quot;:&quot;Voriger&quot;,&quot;button_width&quot;:&quot;100&quot;,&quot;step_type&quot;:&quot;number_text&quot;,&quot;step_icon_shape&quot;:&quot;circle&quot;}\" data-widget_type=\"form.default\">\n\t\t\t\t<div class=\"elementor-widget-container\">\n\t\t\t\t\t\t\t<form class=\"elementor-form\" method=\"post\" name=\"Normales Kontaktformular\" aria-label=\"Normales Kontaktformular\">\n\t\t\t<input type=\"hidden\" name=\"post_id\" value=\"6511\"\/>\n\t\t\t<input type=\"hidden\" name=\"form_id\" value=\"5fab444\"\/>\n\t\t\t<input type=\"hidden\" name=\"referer_title\" value=\"Make an appointment at skinflow\" \/>\n\n\t\t\t\t\t\t\t<input type=\"hidden\" name=\"queried_id\" value=\"6511\"\/>\n\t\t\t\n\t\t\t<div class=\"elementor-form-fields-wrapper elementor-labels-above\">\n\t\t\t\t\t\t\t\t<div class=\"elementor-field-type-text elementor-field-group elementor-column elementor-field-group-name elementor-col-50 elementor-field-required elementor-mark-required\">\n\t\t\t\t\t\t\t\t\t\t\t\t<label for=\"form-field-name\" class=\"elementor-field-label\">\n\t\t\t\t\t\t\t\tVorname\t\t\t\t\t\t\t<\/label>\n\t\t\t\t\t\t\t\t\t\t\t\t\t\t<input size=\"1\" type=\"text\" name=\"form_fields[name]\" id=\"form-field-name\" class=\"elementor-field elementor-size-sm  elementor-field-textual\" placeholder=\"Vorname\" required=\"required\">\n\t\t\t\t\t\t\t\t\t\t\t<\/div>\n\t\t\t\t\t\t\t\t<div class=\"elementor-field-type-text elementor-field-group elementor-column elementor-field-group-field_dfd8908 elementor-col-50 elementor-field-required elementor-mark-required\">\n\t\t\t\t\t\t\t\t\t\t\t\t<label for=\"form-field-field_dfd8908\" class=\"elementor-field-label\">\n\t\t\t\t\t\t\t\tNachname\t\t\t\t\t\t\t<\/label>\n\t\t\t\t\t\t\t\t\t\t\t\t\t\t<input size=\"1\" type=\"text\" name=\"form_fields[field_dfd8908]\" id=\"form-field-field_dfd8908\" class=\"elementor-field elementor-size-sm  elementor-field-textual\" placeholder=\"Nachname\" required=\"required\">\n\t\t\t\t\t\t\t\t\t\t\t<\/div>\n\t\t\t\t\t\t\t\t<div class=\"elementor-field-type-tel elementor-field-group elementor-column elementor-field-group-field_65ef2f0 elementor-col-100 elementor-field-required elementor-mark-required\">\n\t\t\t\t\t\t\t\t\t\t\t\t<label for=\"form-field-field_65ef2f0\" class=\"elementor-field-label\">\n\t\t\t\t\t\t\t\tTelefon\t\t\t\t\t\t\t<\/label>\n\t\t\t\t\t\t\t\t<input size=\"1\" type=\"tel\" name=\"form_fields[field_65ef2f0]\" id=\"form-field-field_65ef2f0\" class=\"elementor-field elementor-size-sm  elementor-field-textual\" placeholder=\"Telefonnummer\" required=\"required\" pattern=\"[0-9()#&amp;+*-=.]+\" title=\"Only numbers and phone characters (#, -, *, etc) are accepted.\">\n\n\t\t\t\t\t\t<\/div>\n\t\t\t\t\t\t\t\t<div class=\"elementor-field-type-text elementor-field-group elementor-column elementor-field-group-field_a41998f elementor-col-100 elementor-field-required elementor-mark-required\">\n\t\t\t\t\t\t\t\t\t\t\t\t<label for=\"form-field-field_a41998f\" class=\"elementor-field-label\">\n\t\t\t\t\t\t\t\tPostleitzahl\t\t\t\t\t\t\t<\/label>\n\t\t\t\t\t\t\t\t\t\t\t\t\t\t<input size=\"1\" type=\"text\" name=\"form_fields[field_a41998f]\" id=\"form-field-field_a41998f\" class=\"elementor-field elementor-size-sm  elementor-field-textual\" placeholder=\"PLZ\" required=\"required\">\n\t\t\t\t\t\t\t\t\t\t\t<\/div>\n\t\t\t\t\t\t\t\t<div class=\"elementor-field-type-email elementor-field-group elementor-column elementor-field-group-email elementor-col-100 elementor-field-required elementor-mark-required\">\n\t\t\t\t\t\t\t\t\t\t\t\t<label for=\"form-field-email\" class=\"elementor-field-label\">\n\t\t\t\t\t\t\t\tE-Mail\t\t\t\t\t\t\t<\/label>\n\t\t\t\t\t\t\t\t\t\t\t\t\t\t<input size=\"1\" type=\"email\" name=\"form_fields[email]\" id=\"form-field-email\" class=\"elementor-field elementor-size-sm  elementor-field-textual\" placeholder=\"E-Mail-Adresse\" required=\"required\">\n\t\t\t\t\t\t\t\t\t\t\t<\/div>\n\t\t\t\t\t\t\t\t<div class=\"elementor-field-type-textarea elementor-field-group elementor-column elementor-field-group-message elementor-col-100\">\n\t\t\t\t\t\t\t\t\t\t\t\t<label for=\"form-field-message\" class=\"elementor-field-label\">\n\t\t\t\t\t\t\t\tDeine wichtigste Frage an uns\t\t\t\t\t\t\t<\/label>\n\t\t\t\t\t\t<textarea class=\"elementor-field-textual elementor-field  elementor-size-sm\" name=\"form_fields[message]\" id=\"form-field-message\" rows=\"4\" placeholder=\"...\"><\/textarea>\t\t\t\t<\/div>\n\t\t\t\t\t\t\t\t<div class=\"elementor-field-type-select elementor-field-group elementor-column elementor-field-group-field_c36f81c elementor-col-100 elementor-field-required elementor-mark-required\">\n\t\t\t\t\t\t\t\t\t\t\t\t<label for=\"form-field-field_c36f81c\" class=\"elementor-field-label\">\n\t\t\t\t\t\t\t\tInstitut\t\t\t\t\t\t\t<\/label>\n\t\t\t\t\t\t\t\t<div class=\"elementor-field elementor-select-wrapper remove-before \">\n\t\t\t<div class=\"select-caret-down-wrapper\">\n\t\t\t\t<svg aria-hidden=\"true\" class=\"e-font-icon-svg e-eicon-caret-down\" viewBox=\"0 0 571.4 571.4\" xmlns=\"http:\/\/www.w3.org\/2000\/svg\"><path d=\"M571 393Q571 407 561 418L311 668Q300 679 286 679T261 668L11 418Q0 407 0 393T11 368 36 357H536Q550 357 561 368T571 393Z\"><\/path><\/svg>\t\t\t<\/div>\n\t\t\t<select name=\"form_fields[field_c36f81c]\" id=\"form-field-field_c36f81c\" class=\"elementor-field-textual elementor-size-sm\" required=\"required\">\n\t\t\t\t\t\t\t\t\t<option value=\"Pasing\">Pasing<\/option>\n\t\t\t\t\t\t\t\t\t<option value=\"Schwabing\">Schwabing<\/option>\n\t\t\t\t\t\t\t\t\t<option value=\"Bogenhausen\">Bogenhausen<\/option>\n\t\t\t\t\t\t\t\t\t<option value=\"Unterhaching\">Unterhaching<\/option>\n\t\t\t\t\t\t\t\t\t<option value=\"Dachau\">Dachau<\/option>\n\t\t\t\t\t\t\t\t\t<option value=\"Wolfratshausen\">Wolfratshausen<\/option>\n\t\t\t\t\t\t\t<\/select>\n\t\t<\/div>\n\t\t\t\t\t\t<\/div>\n\t\t\t\t\t\t\t\t<div class=\"elementor-field-type-hidden elementor-field-group elementor-column elementor-field-group-field_24185e7 elementor-col-100\">\n\t\t\t\t\t\t\t\t\t\t\t\t\t<input size=\"1\" type=\"hidden\" name=\"form_fields[field_24185e7]\" id=\"form-field-field_24185e7\" class=\"elementor-field elementor-size-sm  elementor-field-textual\" value=\"Nein\">\n\t\t\t\t\t\t\t\t\t\t\t<\/div>\n\t\t\t\t\t\t\t\t<div class=\"elementor-field-type-text\">\n\t\t\t\t\t<input size=\"1\" type=\"text\" name=\"form_fields[field_c251370]\" id=\"form-field-field_c251370\" class=\"elementor-field elementor-size-sm \" style=\"display:none !important;\">\t\t\t\t<\/div>\n\t\t\t\t\t\t\t\t<div class=\"elementor-field-type-acceptance elementor-field-group elementor-column elementor-field-group-field_7765e12 elementor-col-100 elementor-field-required elementor-mark-required\">\n\t\t\t\t\t\t\t<div class=\"elementor-field-subgroup\">\n\t\t\t<span class=\"elementor-field-option\">\n\t\t\t\t<input type=\"checkbox\" name=\"form_fields[field_7765e12]\" id=\"form-field-field_7765e12\" class=\"elementor-field elementor-size-sm  elementor-acceptance-field\" required=\"required\">\n\t\t\t\t<label for=\"form-field-field_7765e12\">Ich stimme zu, dass ich die Datenschutzerkl\u00e4rung gelesen habe und meine Angaben aus dem Kontaktformular zur Beantwortung meiner Anfrage erhoben und verarbeitet werden. Die Daten werden nach abgeschlossener Bearbeitung Ihrer Anfrage gel\u00f6scht. Hinweis: Sie k\u00f6nnen Ihre Einwilligung jederzeit f\u00fcr die Zukunft per E-Mail an info @ skinflow.de widerrufen.*<\/label>\t\t\t<\/span>\n\t\t<\/div>\n\t\t\t\t\t\t<\/div>\n\t\t\t\t\t\t\t\t<div class=\"elementor-field-type-recaptcha_v3 elementor-field-group elementor-column elementor-field-group-field_8768b03 elementor-col-100 recaptcha_v3-bottomright\">\n\t\t\t\t\t<div class=\"elementor-field\" id=\"form-field-field_8768b03\"><div class=\"elementor-g-recaptcha\" data-sitekey=\"6LceeaEqAAAAAN95uej6BkWXawmVxAk0Rlzb892U\" data-type=\"v3\" data-action=\"Form\" data-badge=\"bottomright\" data-size=\"invisible\"><\/div><\/div>\t\t\t\t<\/div>\n\t\t\t\t\t\t\t\t<div class=\"elementor-field-group elementor-column elementor-field-type-submit elementor-col-100 e-form__buttons\">\n\t\t\t\t\t<button class=\"elementor-button elementor-size-sm\" type=\"submit\">\n\t\t\t\t\t\t<span class=\"elementor-button-content-wrapper\">\n\t\t\t\t\t\t\t\t\t\t\t\t\t\t\t\t\t\t\t\t\t\t<span class=\"elementor-button-text\">Jetzt kostenlosen Beratungstermin sichern!<\/span>\n\t\t\t\t\t\t\t\t\t\t\t\t\t<\/span>\n\t\t\t\t\t<\/button>\n\t\t\t\t<\/div>\n\t\t\t<\/div>\n\t\t<\/form>\n\t\t\t\t\t\t<\/div>\n\t\t\t\t<\/div>\n\t\t\t\t\t<\/div>\n\t\t\t\t<\/div>\n\t\t\t\t<\/div>\n\t\t\t\t<\/div>\n\t\t","protected":false},"excerpt":{"rendered":"<p>What are you waiting for? Successful treatment starts with good advice!<\/p>\n","protected":false},"author":2,"featured_media":0,"parent":0,"menu_order":0,"comment_status":"closed","ping_status":"closed","template":"","meta":{"_acf_changed":false,"inline_featured_image":false,"footnotes":""},"class_list":["post-6511","page","type-page","status-publish","hentry"],"acf":[],"yoast_head":"<!-- This site is optimized with the Yoast SEO plugin v26.6 - https:\/\/yoast.com\/wordpress\/plugins\/seo\/ -->\n<title>Make an appointment at skinflow<\/title>\n<meta name=\"description\" content=\"Secure your 100% free and non-binding consultation appointment today. We look forward to seeing you!\" \/>\n<meta name=\"robots\" content=\"index, follow, max-snippet:-1, max-image-preview:large, max-video-preview:-1\" \/>\n<link rel=\"canonical\" href=\"https:\/\/www.skinflow.de\/en\/make-an-appointment\/\" \/>\n<meta property=\"og:locale\" content=\"en_US\" \/>\n<meta property=\"og:type\" content=\"article\" \/>\n<meta property=\"og:title\" content=\"Make an appointment at skinflow\" \/>\n<meta property=\"og:description\" content=\"Secure your 100% free and non-binding consultation appointment today. We look forward to seeing you!\" \/>\n<meta property=\"og:url\" content=\"https:\/\/www.skinflow.de\/en\/make-an-appointment\/\" \/>\n<meta property=\"og:site_name\" content=\"skinflow\" \/>\n<meta property=\"article:publisher\" content=\"https:\/\/www.facebook.com\/skinflow\" \/>\n<meta property=\"article:modified_time\" content=\"2025-12-18T13:58:54+00:00\" \/>\n<meta name=\"twitter:card\" content=\"summary_large_image\" \/>\n<meta name=\"twitter:label1\" content=\"Est. reading time\" \/>\n\t<meta name=\"twitter:data1\" content=\"1 minute\" \/>\n<script type=\"application\/ld+json\" class=\"yoast-schema-graph\">{\"@context\":\"https:\/\/schema.org\",\"@graph\":[{\"@type\":\"WebPage\",\"@id\":\"https:\/\/www.skinflow.de\/en\/make-an-appointment\/\",\"url\":\"https:\/\/www.skinflow.de\/en\/make-an-appointment\/\",\"name\":\"Make an appointment at skinflow\",\"isPartOf\":{\"@id\":\"https:\/\/www.skinflow.de\/en\/#website\"},\"datePublished\":\"2023-05-18T14:54:06+00:00\",\"dateModified\":\"2025-12-18T13:58:54+00:00\",\"description\":\"Secure your 100% free and non-binding consultation appointment today. We look forward to seeing you!\",\"breadcrumb\":{\"@id\":\"https:\/\/www.skinflow.de\/en\/make-an-appointment\/#breadcrumb\"},\"inLanguage\":\"en-US\",\"potentialAction\":[{\"@type\":\"ReadAction\",\"target\":[\"https:\/\/www.skinflow.de\/en\/make-an-appointment\/\"]}]},{\"@type\":\"BreadcrumbList\",\"@id\":\"https:\/\/www.skinflow.de\/en\/make-an-appointment\/#breadcrumb\",\"itemListElement\":[{\"@type\":\"ListItem\",\"position\":1,\"name\":\"Startseite\",\"item\":\"https:\/\/www.skinflow.de\/en\/\"},{\"@type\":\"ListItem\",\"position\":2,\"name\":\"Make an appointment\"}]},{\"@type\":\"WebSite\",\"@id\":\"https:\/\/www.skinflow.de\/en\/#website\",\"url\":\"https:\/\/www.skinflow.de\/en\/\",\"name\":\"skinflow\",\"description\":\"\",\"publisher\":{\"@id\":\"https:\/\/www.skinflow.de\/en\/#organization\"},\"potentialAction\":[{\"@type\":\"SearchAction\",\"target\":{\"@type\":\"EntryPoint\",\"urlTemplate\":\"https:\/\/www.skinflow.de\/en\/?s={search_term_string}\"},\"query-input\":{\"@type\":\"PropertyValueSpecification\",\"valueRequired\":true,\"valueName\":\"search_term_string\"}}],\"inLanguage\":\"en-US\"},{\"@type\":\"Organization\",\"@id\":\"https:\/\/www.skinflow.de\/en\/#organization\",\"name\":\"skinflow\",\"url\":\"https:\/\/www.skinflow.de\/en\/\",\"logo\":{\"@type\":\"ImageObject\",\"inLanguage\":\"en-US\",\"@id\":\"https:\/\/www.skinflow.de\/en\/#\/schema\/logo\/image\/\",\"url\":\"https:\/\/www.skinflow.de\/wp-content\/uploads\/2023\/05\/skinflow-logo-dauerhafte-haarenfernung-muenchen.svg\",\"contentUrl\":\"https:\/\/www.skinflow.de\/wp-content\/uploads\/2023\/05\/skinflow-logo-dauerhafte-haarenfernung-muenchen.svg\",\"width\":297,\"height\":103,\"caption\":\"skinflow\"},\"image\":{\"@id\":\"https:\/\/www.skinflow.de\/en\/#\/schema\/logo\/image\/\"},\"sameAs\":[\"https:\/\/www.facebook.com\/skinflow\"]}]}<\/script>\n<!-- \/ Yoast SEO plugin. -->","yoast_head_json":{"title":"Make an appointment at skinflow","description":"Secure your 100% free and non-binding consultation appointment today. We look forward to seeing you!","robots":{"index":"index","follow":"follow","max-snippet":"max-snippet:-1","max-image-preview":"max-image-preview:large","max-video-preview":"max-video-preview:-1"},"canonical":"https:\/\/www.skinflow.de\/en\/make-an-appointment\/","og_locale":"en_US","og_type":"article","og_title":"Make an appointment at skinflow","og_description":"Secure your 100% free and non-binding consultation appointment today. We look forward to seeing you!","og_url":"https:\/\/www.skinflow.de\/en\/make-an-appointment\/","og_site_name":"skinflow","article_publisher":"https:\/\/www.facebook.com\/skinflow","article_modified_time":"2025-12-18T13:58:54+00:00","twitter_card":"summary_large_image","twitter_misc":{"Est. reading time":"1 minute"},"schema":{"@context":"https:\/\/schema.org","@graph":[{"@type":"WebPage","@id":"https:\/\/www.skinflow.de\/en\/make-an-appointment\/","url":"https:\/\/www.skinflow.de\/en\/make-an-appointment\/","name":"Make an appointment at skinflow","isPartOf":{"@id":"https:\/\/www.skinflow.de\/en\/#website"},"datePublished":"2023-05-18T14:54:06+00:00","dateModified":"2025-12-18T13:58:54+00:00","description":"Secure your 100% free and non-binding consultation appointment today. We look forward to seeing you!","breadcrumb":{"@id":"https:\/\/www.skinflow.de\/en\/make-an-appointment\/#breadcrumb"},"inLanguage":"en-US","potentialAction":[{"@type":"ReadAction","target":["https:\/\/www.skinflow.de\/en\/make-an-appointment\/"]}]},{"@type":"BreadcrumbList","@id":"https:\/\/www.skinflow.de\/en\/make-an-appointment\/#breadcrumb","itemListElement":[{"@type":"ListItem","position":1,"name":"Startseite","item":"https:\/\/www.skinflow.de\/en\/"},{"@type":"ListItem","position":2,"name":"Make an appointment"}]},{"@type":"WebSite","@id":"https:\/\/www.skinflow.de\/en\/#website","url":"https:\/\/www.skinflow.de\/en\/","name":"skinflow","description":"","publisher":{"@id":"https:\/\/www.skinflow.de\/en\/#organization"},"potentialAction":[{"@type":"SearchAction","target":{"@type":"EntryPoint","urlTemplate":"https:\/\/www.skinflow.de\/en\/?s={search_term_string}"},"query-input":{"@type":"PropertyValueSpecification","valueRequired":true,"valueName":"search_term_string"}}],"inLanguage":"en-US"},{"@type":"Organization","@id":"https:\/\/www.skinflow.de\/en\/#organization","name":"skinflow","url":"https:\/\/www.skinflow.de\/en\/","logo":{"@type":"ImageObject","inLanguage":"en-US","@id":"https:\/\/www.skinflow.de\/en\/#\/schema\/logo\/image\/","url":"https:\/\/www.skinflow.de\/wp-content\/uploads\/2023\/05\/skinflow-logo-dauerhafte-haarenfernung-muenchen.svg","contentUrl":"https:\/\/www.skinflow.de\/wp-content\/uploads\/2023\/05\/skinflow-logo-dauerhafte-haarenfernung-muenchen.svg","width":297,"height":103,"caption":"skinflow"},"image":{"@id":"https:\/\/www.skinflow.de\/en\/#\/schema\/logo\/image\/"},"sameAs":["https:\/\/www.facebook.com\/skinflow"]}]}},"_links":{"self":[{"href":"https:\/\/www.skinflow.de\/en\/wp-json\/wp\/v2\/pages\/6511","targetHints":{"allow":["GET"]}}],"collection":[{"href":"https:\/\/www.skinflow.de\/en\/wp-json\/wp\/v2\/pages"}],"about":[{"href":"https:\/\/www.skinflow.de\/en\/wp-json\/wp\/v2\/types\/page"}],"author":[{"embeddable":true,"href":"https:\/\/www.skinflow.de\/en\/wp-json\/wp\/v2\/users\/2"}],"replies":[{"embeddable":true,"href":"https:\/\/www.skinflow.de\/en\/wp-json\/wp\/v2\/comments?post=6511"}],"version-history":[{"count":3,"href":"https:\/\/www.skinflow.de\/en\/wp-json\/wp\/v2\/pages\/6511\/revisions"}],"predecessor-version":[{"id":37869,"href":"https:\/\/www.skinflow.de\/en\/wp-json\/wp\/v2\/pages\/6511\/revisions\/37869"}],"wp:attachment":[{"href":"https:\/\/www.skinflow.de\/en\/wp-json\/wp\/v2\/media?parent=6511"}],"curies":[{"name":"wp","href":"https:\/\/api.w.org\/{rel}","templated":true}]}}